{"id":248,"date":"2025-03-25T12:22:13","date_gmt":"2025-03-25T11:22:13","guid":{"rendered":"https:\/\/plataforma-habitat.es\/home\/"},"modified":"2025-05-12T18:09:36","modified_gmt":"2025-05-12T16:09:36","slug":"home","status":"publish","type":"page","link":"https:\/\/plataforma-habitat.es\/en\/","title":{"rendered":"Home"},"content":{"rendered":"\t\t<div data-elementor-type=\"wp-page\" data-elementor-id=\"248\" class=\"elementor elementor-248 elementor-12\">\n\t\t\t\t<div class=\"elementor-element elementor-element-c837997 e-flex e-con-boxed wpr-particle-no wpr-jarallax-no wpr-parallax-no wpr-sticky-section-no wpr-equal-height-no e-con e-parent\" data-id=\"c837997\" data-element_type=\"container\" data-e-type=\"container\" data-settings=\"{&quot;background_background&quot;:&quot;classic&quot;}\">\n\t\t\t\t\t<div class=\"e-con-inner\">\n\t\t\t\t<div class=\"elementor-element elementor-element-43bbfaf elementor-widget elementor-widget-heading\" data-id=\"43bbfaf\" data-element_type=\"widget\" data-e-type=\"widget\" data-widget_type=\"heading.default\">\n\t\t\t\t<div class=\"elementor-widget-container\">\n\t\t\t\t\t<h2 class=\"elementor-heading-title elementor-size-default\">Plataforma<\/h2>\t\t\t\t<\/div>\n\t\t\t\t<\/div>\n\t\t\t\t<div class=\"elementor-element elementor-element-915bee3 elementor-widget elementor-widget-heading\" data-id=\"915bee3\" data-element_type=\"widget\" data-e-type=\"widget\" data-widget_type=\"heading.default\">\n\t\t\t\t<div class=\"elementor-widget-container\">\n\t\t\t\t\t<h2 class=\"elementor-heading-title elementor-size-default\">HABITAT<\/h2>\t\t\t\t<\/div>\n\t\t\t\t<\/div>\n\t\t\t\t\t<\/div>\n\t\t\t\t<\/div>\n\t\t<div class=\"elementor-element elementor-element-53d8e17 e-flex e-con-boxed wpr-particle-no wpr-jarallax-no wpr-parallax-no wpr-sticky-section-no wpr-equal-height-no e-con e-parent\" data-id=\"53d8e17\" data-element_type=\"container\" data-e-type=\"container\">\n\t\t\t\t\t<div class=\"e-con-inner\">\n\t\t<div class=\"elementor-element elementor-element-a0c1dd1 e-con-full e-flex wpr-particle-no wpr-jarallax-no wpr-parallax-no wpr-sticky-section-no wpr-equal-height-no e-con e-child\" data-id=\"a0c1dd1\" data-element_type=\"container\" data-e-type=\"container\">\n\t\t\t\t<div class=\"elementor-element elementor-element-0035dde elementor-view-default elementor-widget elementor-widget-icon\" data-id=\"0035dde\" data-element_type=\"widget\" data-e-type=\"widget\" data-widget_type=\"icon.default\">\n\t\t\t\t<div class=\"elementor-widget-container\">\n\t\t\t\t\t\t\t<div class=\"elementor-icon-wrapper\">\n\t\t\t<div class=\"elementor-icon\">\n\t\t\t<svg xmlns=\"http:\/\/www.w3.org\/2000\/svg\" height=\"24px\" viewBox=\"0 -960 960 960\" width=\"24px\" fill=\"#fff\"><path d=\"M480-400q-33.85 0-56.92-23.08Q400-446.15 400-480t23.08-56.92Q446.15-560 480-560t56.92 23.08Q560-513.85 560-480t-23.08 56.92Q513.85-400 480-400Zm0-40q17 0 28.5-11.5T520-480q0-17-11.5-28.5T480-520q-17 0-28.5 11.5T440-480q0 17 11.5 28.5T480-440ZM224.62-160q-27.62 0-46.12-18.5Q160-197 160-224.62V-360h40v135.38q0 9.24 7.69 16.93 7.69 7.69 16.93 7.69H360v40H224.62ZM600-160v-40h135.38q9.24 0 16.93-7.69 7.69-7.69 7.69-16.93V-360h40v135.38q0 27.62-18.5 46.12Q763-160 735.38-160H600ZM160-600v-135.38q0-27.62 18.5-46.12Q197-800 224.62-800H360v40H224.62q-9.24 0-16.93 7.69-7.69 7.69-7.69 16.93V-600h-40Zm600 0v-135.38q0-9.24-7.69-16.93-7.69-7.69-16.93-7.69H600v-40h135.38q27.62 0 46.12 18.5Q800-763 800-735.38V-600h-40Z\"><\/path><\/svg>\t\t\t<\/div>\n\t\t<\/div>\n\t\t\t\t\t\t<\/div>\n\t\t\t\t<\/div>\n\t\t\t\t<div class=\"elementor-element elementor-element-05bf5b4 elementor-widget elementor-widget-heading\" data-id=\"05bf5b4\" data-element_type=\"widget\" data-e-type=\"widget\" data-widget_type=\"heading.default\">\n\t\t\t\t<div class=\"elementor-widget-container\">\n\t\t\t\t\t<h2 class=\"elementor-heading-title elementor-size-default\">Our mission is centered on providing training, advice, and technical support to public administrations, companies, social and educational organizations, and professionals in the field.<\/h2>\t\t\t\t<\/div>\n\t\t\t\t<\/div>\n\t\t\t\t<div class=\"elementor-element elementor-element-68ad66d elementor-align-center elementor-widget elementor-widget-button\" data-id=\"68ad66d\" data-element_type=\"widget\" data-e-type=\"widget\" data-widget_type=\"button.default\">\n\t\t\t\t<div class=\"elementor-widget-container\">\n\t\t\t\t\t\t\t\t\t<div class=\"elementor-button-wrapper\">\n\t\t\t\t\t<a class=\"elementor-button elementor-button-link elementor-size-sm\" href=\"https:\/\/plataforma-habitat.es\/quienes-somos\/\">\n\t\t\t\t\t\t<span class=\"elementor-button-content-wrapper\">\n\t\t\t\t\t\t\t\t\t<span class=\"elementor-button-text\">Read more<\/span>\n\t\t\t\t\t<\/span>\n\t\t\t\t\t<\/a>\n\t\t\t\t<\/div>\n\t\t\t\t\t\t\t\t<\/div>\n\t\t\t\t<\/div>\n\t\t\t\t<\/div>\n\t\t<div class=\"elementor-element elementor-element-47a24e5 e-con-full e-flex wpr-particle-no wpr-jarallax-no wpr-parallax-no wpr-sticky-section-no wpr-equal-height-no e-con e-child\" data-id=\"47a24e5\" data-element_type=\"container\" data-e-type=\"container\">\n\t\t\t\t<div class=\"elementor-element elementor-element-9fe2576 elementor-view-default elementor-widget elementor-widget-icon\" data-id=\"9fe2576\" data-element_type=\"widget\" data-e-type=\"widget\" data-widget_type=\"icon.default\">\n\t\t\t\t<div class=\"elementor-widget-container\">\n\t\t\t\t\t\t\t<div class=\"elementor-icon-wrapper\">\n\t\t\t<div class=\"elementor-icon\">\n\t\t\t<svg xmlns=\"http:\/\/www.w3.org\/2000\/svg\" height=\"24px\" viewBox=\"0 -960 960 960\" width=\"24px\" fill=\"#fff\"><path d=\"M243.69-204.08q-39.61-40-61.65-91.47Q160-347.03 160-402q0-55.31 21.31-110.27 21.31-54.96 68.38-102.04 38.08-38.07 96.5-60.38 58.43-22.31 127-32.58 68.58-10.27 142.16-11.35 73.57-1.07 141.73 3.54 4.92 66 3.84 139.23-1.07 73.23-11.88 142.04-10.81 68.81-33 127.69-22.19 58.89-59.73 96.43-46.08 46.84-99.43 68.27Q503.54-120 449.8-120q-56.34 0-111.42-22.04-55.07-22.04-94.69-62.04Zm67.39 2.85q31.3 20.85 67.96 31.04Q415.69-160 450-160q46.52 0 92.03-18.12 45.51-18.11 85.74-59.88 17.86-18 36.21-50.5t31.74-85q13.39-52.5 20.34-127Q723-575 719.54-678q-49-2-111.27-.73-62.27 1.27-124.42 10.65-62.16 9.39-116.77 28.62-54.62 19.23-87.31 51.92-44.23 44.23-62 91.69Q200-448.38 200-407.38q0 54.38 21.73 101.57 21.73 47.19 52.58 73.66 25.07-70.77 77.54-135.81Q404.31-433 498.62-489.23q-68.93 59.92-115.89 127.5-46.96 67.58-71.65 160.5Zm0 0Zm0 0Z\"><\/path><\/svg>\t\t\t<\/div>\n\t\t<\/div>\n\t\t\t\t\t\t<\/div>\n\t\t\t\t<\/div>\n\t\t\t\t<div class=\"elementor-element elementor-element-cfe19e2 elementor-widget elementor-widget-heading\" data-id=\"cfe19e2\" data-element_type=\"widget\" data-e-type=\"widget\" data-widget_type=\"heading.default\">\n\t\t\t\t<div class=\"elementor-widget-container\">\n\t\t\t\t\t<h2 class=\"elementor-heading-title elementor-size-default\">At Plataforma HABITAT, we work to raise public awareness and foster commitment to sustainability and environmental conservation.<\/h2>\t\t\t\t<\/div>\n\t\t\t\t<\/div>\n\t\t\t\t<div class=\"elementor-element elementor-element-2cd84ef elementor-align-center elementor-widget elementor-widget-button\" data-id=\"2cd84ef\" data-element_type=\"widget\" data-e-type=\"widget\" data-widget_type=\"button.default\">\n\t\t\t\t<div class=\"elementor-widget-container\">\n\t\t\t\t\t\t\t\t\t<div class=\"elementor-button-wrapper\">\n\t\t\t\t\t<a class=\"elementor-button elementor-button-link elementor-size-sm\" href=\"https:\/\/plataforma-habitat.es\/que-hacemos\/\">\n\t\t\t\t\t\t<span class=\"elementor-button-content-wrapper\">\n\t\t\t\t\t\t\t\t\t<span class=\"elementor-button-text\">Read more<\/span>\n\t\t\t\t\t<\/span>\n\t\t\t\t\t<\/a>\n\t\t\t\t<\/div>\n\t\t\t\t\t\t\t\t<\/div>\n\t\t\t\t<\/div>\n\t\t\t\t<\/div>\n\t\t<div class=\"elementor-element elementor-element-c2e23c4 e-con-full e-flex wpr-particle-no wpr-jarallax-no wpr-parallax-no wpr-sticky-section-no wpr-equal-height-no e-con e-child\" data-id=\"c2e23c4\" data-element_type=\"container\" data-e-type=\"container\">\n\t\t\t\t<div class=\"elementor-element elementor-element-5559957 elementor-view-default elementor-widget elementor-widget-icon\" data-id=\"5559957\" data-element_type=\"widget\" data-e-type=\"widget\" data-widget_type=\"icon.default\">\n\t\t\t\t<div class=\"elementor-widget-container\">\n\t\t\t\t\t\t\t<div class=\"elementor-icon-wrapper\">\n\t\t\t<div class=\"elementor-icon\">\n\t\t\t<svg xmlns=\"http:\/\/www.w3.org\/2000\/svg\" height=\"24px\" viewBox=\"0 -960 960 960\" width=\"24px\" fill=\"#fff\"><path d=\"M480-120q-74.54 0-140.28-28.34-65.73-28.34-114.36-76.92-48.63-48.58-76.99-114.26Q120-405.19 120-479.87q0-74.67 28.34-140.41 28.34-65.73 76.92-114.36 48.58-48.63 114.26-76.99Q405.19-840 479.87-840q74.67 0 140.41 28.35 65.73 28.35 114.36 76.95 48.63 48.6 76.99 114.3Q840-554.7 840-480v39.54q0 50.54-34.71 85.5Q770.57-320 720-320q-35.77 0-65.23-19.62-29.46-19.61-43.54-52.23-22.85 32.85-57.04 52.35T480-320q-66.85 0-113.42-46.58Q320-413.15 320-480t46.58-113.42Q413.15-640 480-640t113.42 46.58Q640-546.85 640-480v39.54q0 32.92 23.54 56.69Q687.08-360 720-360t56.46-23.77Q800-407.54 800-440.46V-480q0-134-93-227t-227-93q-134 0-227 93t-93 227q0 134 93 227t227 93h200v40H480Zm0-240q50 0 85-35t35-85q0-50-35-85t-85-35q-50 0-85 35t-35 85q0 50 35 85t85 35Z\"><\/path><\/svg>\t\t\t<\/div>\n\t\t<\/div>\n\t\t\t\t\t\t<\/div>\n\t\t\t\t<\/div>\n\t\t\t\t<div class=\"elementor-element elementor-element-f53022c elementor-widget elementor-widget-heading\" data-id=\"f53022c\" data-element_type=\"widget\" data-e-type=\"widget\" data-widget_type=\"heading.default\">\n\t\t\t\t<div class=\"elementor-widget-container\">\n\t\t\t\t\t<h2 class=\"elementor-heading-title elementor-size-default\">Contact with us<\/h2>\t\t\t\t<\/div>\n\t\t\t\t<\/div>\n\t\t\t\t<div class=\"elementor-element elementor-element-703f5da elementor-align-center elementor-icon-list--layout-traditional elementor-list-item-link-full_width elementor-widget elementor-widget-icon-list\" data-id=\"703f5da\" data-element_type=\"widget\" data-e-type=\"widget\" data-widget_type=\"icon-list.default\">\n\t\t\t\t<div class=\"elementor-widget-container\">\n\t\t\t\t\t\t\t<ul class=\"elementor-icon-list-items\">\n\t\t\t\t\t\t\t<li class=\"elementor-icon-list-item\">\n\t\t\t\t\t\t\t\t\t\t\t<a href=\"mailto:faces.proyectos@gmail.com\" target=\"_blank\">\n\n\t\t\t\t\t\t\t\t\t\t\t\t<span class=\"elementor-icon-list-icon\">\n\t\t\t\t\t\t\t<svg xmlns=\"http:\/\/www.w3.org\/2000\/svg\" height=\"24px\" viewBox=\"0 -960 960 960\" width=\"24px\" fill=\"#fff\"><path d=\"M184.62-200q-27.62 0-46.12-18.5Q120-237 120-264.62v-430.76q0-27.62 18.5-46.12Q157-760 184.62-760h590.76q27.62 0 46.12 18.5Q840-723 840-695.38v430.76q0 27.62-18.5 46.12Q803-200 775.38-200H184.62ZM480-475.38 160-684.62v420q0 10.77 6.92 17.7 6.93 6.92 17.7 6.92h590.76q10.77 0 17.7-6.92 6.92-6.93 6.92-17.7v-420L480-475.38Zm0-44.62 307.69-200H172.31L480-520ZM160-684.62V-720v455.38q0 10.77 6.92 17.7 6.93 6.92 17.7 6.92H160v-444.62Z\"><\/path><\/svg>\t\t\t\t\t\t<\/span>\n\t\t\t\t\t\t\t\t\t\t<span class=\"elementor-icon-list-text\">faces.proyectos@gmail.com<\/span>\n\t\t\t\t\t\t\t\t\t\t\t<\/a>\n\t\t\t\t\t\t\t\t\t<\/li>\n\t\t\t\t\t\t<\/ul>\n\t\t\t\t\t\t<\/div>\n\t\t\t\t<\/div>\n\t\t\t\t<\/div>\n\t\t\t\t\t<\/div>\n\t\t\t\t<\/div>\n\t\t<div class=\"elementor-element elementor-element-936122d e-flex e-con-boxed wpr-particle-no wpr-jarallax-no wpr-parallax-no wpr-sticky-section-no wpr-equal-height-no e-con e-parent\" data-id=\"936122d\" data-element_type=\"container\" data-e-type=\"container\">\n\t\t\t\t\t<div class=\"e-con-inner\">\n\t\t\t\t<div class=\"elementor-element elementor-element-68ecc5b elementor-widget-divider--view-line elementor-widget elementor-widget-divider\" data-id=\"68ecc5b\" data-element_type=\"widget\" data-e-type=\"widget\" data-widget_type=\"divider.default\">\n\t\t\t\t<div class=\"elementor-widget-container\">\n\t\t\t\t\t\t\t<div class=\"elementor-divider\">\n\t\t\t<span class=\"elementor-divider-separator\">\n\t\t\t\t\t\t<\/span>\n\t\t<\/div>\n\t\t\t\t\t\t<\/div>\n\t\t\t\t<\/div>\n\t\t\t\t<div class=\"elementor-element elementor-element-acca779 elementor-widget elementor-widget-heading\" data-id=\"acca779\" data-element_type=\"widget\" data-e-type=\"widget\" data-widget_type=\"heading.default\">\n\t\t\t\t<div class=\"elementor-widget-container\">\n\t\t\t\t\t<h2 class=\"elementor-heading-title elementor-size-default\">Lastest news<\/h2>\t\t\t\t<\/div>\n\t\t\t\t<\/div>\n\t\t\t\t\t<\/div>\n\t\t\t\t<\/div>\n\t\t<div class=\"elementor-element elementor-element-e481af6 e-flex e-con-boxed wpr-particle-no wpr-jarallax-no wpr-parallax-no wpr-sticky-section-no wpr-equal-height-no e-con e-parent\" data-id=\"e481af6\" data-element_type=\"container\" data-e-type=\"container\">\n\t\t\t\t\t<div class=\"e-con-inner\">\n\t\t\t\t<div class=\"elementor-element elementor-element-b32c465 wpr-grid-columns-3 wpr-grid-columns--tablet2 wpr-grid-columns--mobile1 wpr-item-styles-inner elementor-widget elementor-widget-wpr-grid\" data-id=\"b32c465\" data-element_type=\"widget\" data-e-type=\"widget\" data-widget_type=\"wpr-grid.default\">\n\t\t\t\t<div class=\"elementor-widget-container\">\n\t\t\t\t\t<ul class=\"wpr-grid-filters elementor-clearfix wpr-grid-filters-sep-right\"><li class=\" wpr-pointer-none wpr-pointer-line-fx wpr-pointer-fx-none\"><span  data-filter=\"*\" class=\"wpr-grid-filters-item wpr-active-filter \">All Posts<\/span><em class=\"wpr-grid-filters-sep\"><\/em><\/li><li class=\" wpr-pointer-none wpr-pointer-line-fx wpr-pointer-fx-none\"><span   data-ajax-filter=[\"category\",\"sin-categoria\"]  data-filter=\".category-sin-categoria\">Sin categor\u00eda<\/span><em class=\"wpr-grid-filters-sep\"><\/em><\/li><\/ul><section class=\"wpr-grid elementor-clearfix\" data-settings=\"{&quot;layout&quot;:&quot;fitRows&quot;,&quot;stick_last_element_to_bottom&quot;:&quot;&quot;,&quot;columns_desktop&quot;:3,&quot;gutter_hr&quot;:15,&quot;gutter_hr_mobile&quot;:15,&quot;gutter_hr_mobile_extra&quot;:15,&quot;gutter_hr_tablet&quot;:15,&quot;gutter_hr_tablet_extra&quot;:15,&quot;gutter_hr_laptop&quot;:15,&quot;gutter_hr_widescreen&quot;:15,&quot;gutter_vr&quot;:15,&quot;gutter_vr_mobile&quot;:15,&quot;gutter_vr_mobile_extra&quot;:15,&quot;gutter_vr_tablet&quot;:15,&quot;gutter_vr_tablet_extra&quot;:15,&quot;gutter_vr_laptop&quot;:15,&quot;gutter_vr_widescreen&quot;:15,&quot;animation&quot;:&quot;default&quot;,&quot;animation_duration&quot;:0.3,&quot;animation_delay&quot;:0.1,&quot;deeplinking&quot;:&quot;&quot;,&quot;filters_linkable&quot;:&quot;no&quot;,&quot;filters_default_filter&quot;:&quot;&quot;,&quot;filters_count&quot;:&quot;&quot;,&quot;filters_hide_empty&quot;:&quot;no&quot;,&quot;filters_animation&quot;:&quot;default&quot;,&quot;filters_animation_duration&quot;:0.3,&quot;filters_animation_delay&quot;:0.1,&quot;pagination_type&quot;:&quot;load-more&quot;,&quot;pagination_max_pages&quot;:2,&quot;lightbox&quot;:{&quot;selector&quot;:&quot;.wpr-grid-image-wrap&quot;,&quot;iframeMaxWidth&quot;:&quot;60%&quot;,&quot;hash&quot;:false,&quot;autoplay&quot;:&quot;true&quot;,&quot;pause&quot;:5000,&quot;progressBar&quot;:&quot;true&quot;,&quot;counter&quot;:&quot;true&quot;,&quot;controls&quot;:&quot;true&quot;,&quot;getCaptionFromTitleOrAlt&quot;:&quot;true&quot;,&quot;thumbnail&quot;:&quot;&quot;,&quot;showThumbByDefault&quot;:&quot;&quot;,&quot;share&quot;:&quot;&quot;,&quot;zoom&quot;:&quot;true&quot;,&quot;fullScreen&quot;:&quot;true&quot;,&quot;download&quot;:&quot;true&quot;}}\" data-advanced-filters=\"no\"><article class=\"wpr-grid-item elementor-clearfix post-537 post type-post status-publish format-standard has-post-thumbnail hentry category-sin-categoria\"><div class=\"wpr-grid-item-inner\"><div class=\"wpr-grid-media-wrap wpr-effect-size-medium \" data-overlay-link=\"yes\"><div class=\"wpr-grid-image-wrap\" data-src=\"https:\/\/plataforma-habitat.es\/wp-content\/uploads\/2025\/05\/HABITAT_empoderando_a_los_docentes_para_fomentar_aulas_inclusivas.jpg\" data-img-on-hover=\"\"  data-src-secondary=\"\"><img decoding=\"async\" data-no-lazy=\"1\" src=\"https:\/\/plataforma-habitat.es\/wp-content\/uploads\/2025\/05\/HABITAT_empoderando_a_los_docentes_para_fomentar_aulas_inclusivas.jpg\" alt=\"ASEIN BLOG - 3\" class=\"wpr-anim-timing-ease-default\"><\/div><div class=\"wpr-grid-media-hover wpr-animation-wrap\"><div class=\"wpr-grid-media-hover-bg  wpr-overlay-fade-in wpr-anim-size-large wpr-anim-timing-ease-default wpr-anim-transparency\" data-url=\"https:\/\/plataforma-habitat.es\/en\/empowering-educators-to-foster-inclusive-classrooms\/\"><\/div><\/div><\/div><div class=\"wpr-grid-item-below-content elementor-clearfix\"><h2 class=\"wpr-grid-item-title elementor-repeater-item-c7205ec wpr-grid-item-display-block wpr-grid-item-align-left wpr-pointer-none wpr-pointer-line-fx wpr-pointer-fx-fade\"><div class=\"inner-block\"><a target=\"_self\"  href=\"https:\/\/plataforma-habitat.es\/en\/empowering-educators-to-foster-inclusive-classrooms\/\">Empowering educators to foster inclusive classrooms<\/a><\/div><\/h2><div class=\"wpr-grid-item-date elementor-repeater-item-728c7e0 wpr-grid-item-display-inline wpr-grid-item-align-left\"><div class=\"inner-block\"><span>12\/02\/2025<span class=\"wpr-grid-extra-text-right\"><\/span><\/span><\/div><\/div><div class=\"wpr-grid-item-excerpt elementor-repeater-item-402326c wpr-grid-item-display-block wpr-grid-item-align-left\"><div class=\"inner-block\"><p>Continuous teacher training is key to advancing inclusive education. According to the National Institute for Educational Evaluation (INEE), teachers who...<\/p><\/div><\/div><div class=\"wpr-grid-item-read-more elementor-repeater-item-2bfaae7 wpr-grid-item-display-block wpr-grid-item-align-left\"><div class=\"inner-block\"><a target=\"_self\" href=\"https:\/\/plataforma-habitat.es\/en\/empowering-educators-to-foster-inclusive-classrooms\/\" class=\"wpr-button-effect wpr-button-none\"><span>Read more<\/span><\/a><\/div><\/div><\/div><\/div><\/article><article class=\"wpr-grid-item elementor-clearfix post-587 post type-post status-publish format-standard has-post-thumbnail hentry category-sin-categoria\"><div class=\"wpr-grid-item-inner\"><div class=\"wpr-grid-media-wrap wpr-effect-size-medium \" data-overlay-link=\"yes\"><div class=\"wpr-grid-image-wrap\" data-src=\"https:\/\/plataforma-habitat.es\/wp-content\/uploads\/2025\/01\/succseeds_plataforma.jpg\" data-img-on-hover=\"\"  data-src-secondary=\"\"><img decoding=\"async\" data-no-lazy=\"1\" src=\"https:\/\/plataforma-habitat.es\/wp-content\/uploads\/2025\/01\/succseeds_plataforma.jpg\" alt=\"RECURSOS - 26\" class=\"wpr-anim-timing-ease-default\"><\/div><div class=\"wpr-grid-media-hover wpr-animation-wrap\"><div class=\"wpr-grid-media-hover-bg  wpr-overlay-fade-in wpr-anim-size-large wpr-anim-timing-ease-default wpr-anim-transparency\" data-url=\"https:\/\/plataforma-habitat.es\/en\/plataforma-habitat-participates-in-the-european-project-succseeds-to-support-young-migrant-women-through-community-gardens\/\"><\/div><\/div><\/div><div class=\"wpr-grid-item-below-content elementor-clearfix\"><h2 class=\"wpr-grid-item-title elementor-repeater-item-c7205ec wpr-grid-item-display-block wpr-grid-item-align-left wpr-pointer-none wpr-pointer-line-fx wpr-pointer-fx-fade\"><div class=\"inner-block\"><a target=\"_self\"  href=\"https:\/\/plataforma-habitat.es\/en\/plataforma-habitat-participates-in-the-european-project-succseeds-to-support-young-migrant-women-through-community-gardens\/\">Plataforma HABITAT participates in the European project SUCCSEEDS to support young migrant women through Community Gardens<\/a><\/div><\/h2><div class=\"wpr-grid-item-date elementor-repeater-item-728c7e0 wpr-grid-item-display-inline wpr-grid-item-align-left\"><div class=\"inner-block\"><span>15\/01\/2025<span class=\"wpr-grid-extra-text-right\"><\/span><\/span><\/div><\/div><div class=\"wpr-grid-item-excerpt elementor-repeater-item-402326c wpr-grid-item-display-block wpr-grid-item-align-left\"><div class=\"inner-block\"><p>Plataforma HABITAT is part of the European project SUCCSEEDS, an initiative co-funded by the Erasmus+ program that seeks support the...<\/p><\/div><\/div><div class=\"wpr-grid-item-read-more elementor-repeater-item-2bfaae7 wpr-grid-item-display-block wpr-grid-item-align-left\"><div class=\"inner-block\"><a target=\"_self\" href=\"https:\/\/plataforma-habitat.es\/en\/plataforma-habitat-participates-in-the-european-project-succseeds-to-support-young-migrant-women-through-community-gardens\/\" class=\"wpr-button-effect wpr-button-none\"><span>Read more<\/span><\/a><\/div><\/div><\/div><\/div><\/article><article class=\"wpr-grid-item elementor-clearfix post-538 post type-post status-publish format-standard has-post-thumbnail hentry category-sin-categoria\"><div class=\"wpr-grid-item-inner\"><div class=\"wpr-grid-media-wrap wpr-effect-size-medium \" data-overlay-link=\"yes\"><div class=\"wpr-grid-image-wrap\" data-src=\"https:\/\/plataforma-habitat.es\/wp-content\/uploads\/2025\/05\/HABITAT_tendencias_en_educacion_ambiental_en_espana.jpg\" data-img-on-hover=\"\"  data-src-secondary=\"\"><img decoding=\"async\" data-no-lazy=\"1\" src=\"https:\/\/plataforma-habitat.es\/wp-content\/uploads\/2025\/05\/HABITAT_tendencias_en_educacion_ambiental_en_espana.jpg\" alt=\"ASEIN BLOG - 2\" class=\"wpr-anim-timing-ease-default\"><\/div><div class=\"wpr-grid-media-hover wpr-animation-wrap\"><div class=\"wpr-grid-media-hover-bg  wpr-overlay-fade-in wpr-anim-size-large wpr-anim-timing-ease-default wpr-anim-transparency\" data-url=\"https:\/\/plataforma-habitat.es\/en\/trends-in-environmental-education-in-spain\/\"><\/div><\/div><\/div><div class=\"wpr-grid-item-below-content elementor-clearfix\"><h2 class=\"wpr-grid-item-title elementor-repeater-item-c7205ec wpr-grid-item-display-block wpr-grid-item-align-left wpr-pointer-none wpr-pointer-line-fx wpr-pointer-fx-fade\"><div class=\"inner-block\"><a target=\"_self\"  href=\"https:\/\/plataforma-habitat.es\/en\/trends-in-environmental-education-in-spain\/\">Trends in environmental education in Spain<\/a><\/div><\/h2><div class=\"wpr-grid-item-date elementor-repeater-item-728c7e0 wpr-grid-item-display-inline wpr-grid-item-align-left\"><div class=\"inner-block\"><span>14\/11\/2024<span class=\"wpr-grid-extra-text-right\"><\/span><\/span><\/div><\/div><div class=\"wpr-grid-item-excerpt elementor-repeater-item-402326c wpr-grid-item-display-block wpr-grid-item-align-left\"><div class=\"inner-block\"><p>In recent years, environmental education in Spain has undergone significant changes. An increasing number of educational centers are adopting digital...<\/p><\/div><\/div><div class=\"wpr-grid-item-read-more elementor-repeater-item-2bfaae7 wpr-grid-item-display-block wpr-grid-item-align-left\"><div class=\"inner-block\"><a target=\"_self\" href=\"https:\/\/plataforma-habitat.es\/en\/trends-in-environmental-education-in-spain\/\" class=\"wpr-button-effect wpr-button-none\"><span>Read more<\/span><\/a><\/div><\/div><\/div><\/div><\/article><\/section>\t\t\t\t<\/div>\n\t\t\t\t<\/div>\n\t\t\t\t\t<\/div>\n\t\t\t\t<\/div>\n\t\t\t\t<\/div>\n\t\t","protected":false},"excerpt":{"rendered":"<p>Plataforma HABITAT Our mission is centered on providing training, advice, and technical support to public administrations, companies, social and educational organizations, and professionals in the field. Read more At Plataforma HABITAT, we work to raise public awareness and foster commitment to sustainability and environmental conservation. Read more Contact with us faces.proyectos@gmail.com Lastest news All Posts Empoderando a los docentes para fomentar aulas inclusivas 12\/02\/2025 La formaci\u00f3n continua de los profesores es clave para avanzar en la educaci\u00f3n inclusiva. Seg\u00fan el Instituto Nacional de Evaluaci\u00f3n&#8230; Read more Tendencias en educaci\u00f3n ambiental en Espa\u00f1a 14\/11\/2024 En los \u00faltimos a\u00f1os, la educaci\u00f3n ambiental en Espa\u00f1a ha experimentado cambios significativos. Cada vez m\u00e1s centros educativos adoptan tecnolog\u00edas&#8230; Read more El papel de la educaci\u00f3n ambiental en la transici\u00f3n verde 12\/06\/2024 La educaci\u00f3n ambiental es un componente esencial en el camino hacia la transici\u00f3n verde. Con el cambio clim\u00e1tico como reto&#8230; Read more<\/p>\n","protected":false},"author":1,"featured_media":0,"parent":0,"menu_order":0,"comment_status":"closed","ping_status":"closed","template":"elementor_header_footer","meta":{"footnotes":""},"class_list":["post-248","page","type-page","status-publish","hentry"],"_links":{"self":[{"href":"https:\/\/plataforma-habitat.es\/en\/wp-json\/wp\/v2\/pages\/248","targetHints":{"allow":["GET"]}}],"collection":[{"href":"https:\/\/plataforma-habitat.es\/en\/wp-json\/wp\/v2\/pages"}],"about":[{"href":"https:\/\/plataforma-habitat.es\/en\/wp-json\/wp\/v2\/types\/page"}],"author":[{"embeddable":true,"href":"https:\/\/plataforma-habitat.es\/en\/wp-json\/wp\/v2\/users\/1"}],"replies":[{"embeddable":true,"href":"https:\/\/plataforma-habitat.es\/en\/wp-json\/wp\/v2\/comments?post=248"}],"version-history":[{"count":10,"href":"https:\/\/plataforma-habitat.es\/en\/wp-json\/wp\/v2\/pages\/248\/revisions"}],"predecessor-version":[{"id":410,"href":"https:\/\/plataforma-habitat.es\/en\/wp-json\/wp\/v2\/pages\/248\/revisions\/410"}],"wp:attachment":[{"href":"https:\/\/plataforma-habitat.es\/en\/wp-json\/wp\/v2\/media?parent=248"}],"curies":[{"name":"wp","href":"https:\/\/api.w.org\/{rel}","templated":true}]}}